{"id":21,"date":"2023-05-23T18:21:43","date_gmt":"2023-05-23T18:21:43","guid":{"rendered":"https:\/\/renterymadeira.casasdobaleeiro.com\/home\/"},"modified":"2026-02-09T16:48:30","modified_gmt":"2026-02-09T16:48:30","slug":"home","status":"publish","type":"page","link":"https:\/\/renterymadeira.com\/","title":{"rendered":"In\u00edcio"},"content":{"rendered":"\n\n\n\n\n<h1>Somos a escolha indicada<\/h1>\n\n\n<p style=\"font-family: &quot;Open Sans&quot;;\">Ajudamos os nossos clientes a lidar com todos os aspetos da reserva das suas casas ou apartamentos, desde a planifica\u00e7\u00e3o, a pr\u00e9-reserva e os servi\u00e7os p\u00f3s reserva. Se j\u00e1 tem um Alojamento Local e precisa de ajuda a lidar com todo o trabalho de planifica\u00e7\u00e3o e gest\u00e3o das reservas, somos a escolha \u00f3bvia. Se ainda n\u00e3o entrou nesta aventura e precisa de ajuda para come\u00e7ar, estamos aqui para si!<\/p>\n\n\n\n\n\n\n\n<p>Lorem Ipsum has been the industry&#8217;s standard dummy text ever since the 1500s.<\/p>\n\n\n\n\n<h2>Quem somos<\/h2>\n\n\n<p style=\"font-family: &quot;Open Sans&quot;;\">A Rentery Madeira \u00e9 uma empresa de gest\u00e3o de Alojamentos Locais que nasceu em 2023 com o objetivo de oferecer solu\u00e7\u00f5es personalizadas e inovadoras para os propriet\u00e1rios de AL. Somos uma equipa din\u00e2mica e experiente, que se adapta \u00e0s necessidades e expectativas de cada cliente. A nossa vis\u00e3o \u00e9 ser uma refer\u00eancia no mercado de gest\u00e3o de AL na Madeira, garantindo a satisfa\u00e7\u00e3o dos nossos clientes e dos seus h\u00f3spedes.<\/p>\n\n\n\n\n\n\n<h2>O que fazemos<\/h2>\n\n\n\n\n<p style=\"text-align: left;font-family: Open Sans;\"><span style=\"font-weight: bolder;\">\u00b7<\/span><span style=\"font-weight: bolder;\">&nbsp;<\/span>Criamos e planificamos os documentos legalmente obrigat\u00f3rios para exerc\u00edcio das fun\u00e7\u00f5es de AL;<br><span style=\"font-weight: bolder;\">\u00b7&nbsp;<\/span>Comunicamos mensalmente os dados estat\u00edsticos \u00e0 entidade competente;<br><span style=\"font-weight: bolder;\">\u00b7&nbsp;<\/span>Comunicamos diariamente os dados dos h\u00f3spedes \u00e0 entidade competente.<\/p>\n\n\n<p style=\"text-align: left;font-family: Open Sans;\"><span style=\"font-weight: bolder;\">\u00b7<\/span><span style=\"font-weight: bolder;\">&nbsp;<\/span>Sugerimos a sua propriedade a clientes que desejem reservar propriedades j\u00e1 lotadas;<br><span style=\"font-weight: bolder;\">\u00b7&nbsp;<\/span>Criamos uma p\u00e1gina na internet para receber reservas diretas e evitar as taxas das plataformas;<br><span style=\"font-weight: bolder;\">\u00b7&nbsp;<\/span>Usamos servi\u00e7os de marketing para que a sua propriedade surja mais vezes em diversos locais na internet;<br><span style=\"font-weight: bolder;\">\u00b7&nbsp;<\/span>Dispomos de certificados de forma\u00e7\u00f5es Booking.com e Airbnb.com.&nbsp; &nbsp;<\/p>\n\n\n<p style=\"text-align: left;font-family: Open Sans;\"><span style=\"font-weight: bolder;\">\u00b7<\/span><span style=\"font-weight: bolder;\">&nbsp;<\/span>Oferecemos uma comunica\u00e7\u00e3o r\u00e1pida e profissional;<br><span style=\"font-weight: bolder;\">\u00b7&nbsp;<\/span>Implementamos um sistema de check-in aut\u00f3nomo, para r\u00e1pida entrada na casa e sem investimentos em servi\u00e7os de rece\u00e7\u00e3o;<br><span style=\"font-weight: bolder;\">\u00b7&nbsp;<\/span>Dispomos de um servi\u00e7o de shuttle com um pre\u00e7o fixo abaixo do valor do mercado, que permite que os h\u00f3spedes se dirijam \u00e0 sua propriedade assim que cheguem ao aeroporto.&nbsp;<\/p>\n\n\n\n\n<p style=\"font-family: Open Sans;\"><span style=\"font-weight: bolder;\">\u00b7<\/span><span style=\"font-weight: bolder;\">&nbsp;<\/span>Monitorizamos e ajustamos as tarifas e disponibilidade de acordo com a procura do mercado e a sazonalidade.<br><\/p>\n\n\n<p style=\"font-family: Open Sans;\"><span style=\"font-weight: bolder;\">\u00b7<\/span><span style=\"font-weight: bolder;\">&nbsp;<\/span>Evitamos o uso de papel, solicitando aos h\u00f3spedes que preencham os seus dados de identifica\u00e7\u00e3o online sempre que poss\u00edvel.<br><span style=\"font-weight: bolder;\">\u00b7&nbsp;<\/span>Esta \u00e9 cada vez mais uma preocupa\u00e7\u00e3o dos h\u00f3spedes.<br><\/p>\n\n\n<p style=\"font-family: Open Sans;\"><span style=\"font-weight: bolder;\">\u00b7<\/span><span style=\"font-weight: bolder;\">&nbsp;<\/span>N\u00e3o partilhamos as informa\u00e7\u00f5es da sua fatura\u00e7\u00e3o com outros clientes;<br><strong>\u00b7 <\/strong>N\u00e3o fornecemos informa\u00e7\u00f5es sobre os nossos clientes a novos poss\u00edveis clientes;<br><strong>\u00b7 <\/strong>N\u00e3o usamos a informa\u00e7\u00e3o dos h\u00f3spedes para outros fins que n\u00e3o os estritamente legais.&nbsp; &nbsp;<\/p>\n\n\n\n\n\n\n\n\n\n\n<h2>Hist\u00f3rias de sucesso<\/h2>\n\n<p style=\"font-family: &quot;Open Sans&quot;;\">Uma propriedade gerida pela nossa equipa no concelho de Machico conseguiu alcan\u00e7ar uma ocupa\u00e7\u00e3o m\u00e9dia anual superior a 97%, sendo que em 4 dos 12 meses do ano, a ocupa\u00e7\u00e3o foi igual ou superior a 100%.<\/p>\n\n\n\n\n\n\n<h2>Porque nos deve escolher<\/h2>\n\n\n\n\n\n<span style=\"font-family:Source Sans Pro; font-size: 18px;\">Gerimos propriedades de AL desde 2021 e em 2023 fund\u00e1mos a Rentery Madeira.<\/span>\n\n\n\n\n<span style=\"font-family:Source Sans Pro; font-size: 18px;\">Somos uma equipa jovem que est\u00e1 sempre atenta \u00e0s prefer\u00eancia dos h\u00f3spedes.<\/span>\n\n\n\n\n<span style=\"font-family:Source Sans Pro; font-size: 18px;\">A sua propriedade poder\u00e1 estar anunciada nas plataformas que pretende.<\/span>\n\n\n\n\n\n\n\n\n\n<h2>Fale connosco<br><\/h2>\n\n\n\n\n<div class=\"wpcf7 no-js\" id=\"wpcf7-f168-o1\" lang=\"en-US\" dir=\"ltr\" data-wpcf7-id=\"168\">\n<div class=\"screen-reader-response\"><p role=\"status\" aria-live=\"polite\" aria-atomic=\"true\"><\/p> <ul><\/ul><\/div>\n<form action=\"\/index.php?rest_route=%2Fwp%2Fv2%2Fpages%2F21#wpcf7-f168-o1\" method=\"post\" class=\"wpcf7-form init\" aria-label=\"Contact form\" novalidate=\"novalidate\" data-status=\"init\">\n<fieldset class=\"hidden-fields-container\"><input type=\"hidden\" name=\"_wpcf7\" value=\"168\" \/><input type=\"hidden\" name=\"_wpcf7_version\" value=\"6.1.5\" \/><input type=\"hidden\" name=\"_wpcf7_locale\" value=\"en_US\" \/><input type=\"hidden\" name=\"_wpcf7_unit_tag\" value=\"wpcf7-f168-o1\" \/><input type=\"hidden\" name=\"_wpcf7_container_post\" value=\"0\" \/><input type=\"hidden\" name=\"_wpcf7_posted_data_hash\" value=\"\" \/>\n<\/fieldset>\n<p><label> Nome<br \/>\n<span class=\"wpcf7-form-control-wrap\" data-name=\"your-name\"><input size=\"40\" maxlength=\"400\" class=\"wpcf7-form-control wpcf7-text wpcf7-validates-as-required\" autocomplete=\"name\" aria-required=\"true\" aria-invalid=\"false\" value=\"\" type=\"text\" name=\"your-name\" \/><\/span> <\/label>\n<\/p>\n<p><label> E-mail<br \/>\n<span class=\"wpcf7-form-control-wrap\" data-name=\"your-email\"><input size=\"40\" maxlength=\"400\" class=\"wpcf7-form-control wpcf7-email wpcf7-validates-as-required wpcf7-text wpcf7-validates-as-email\" autocomplete=\"email\" aria-required=\"true\" aria-invalid=\"false\" value=\"\" type=\"email\" name=\"your-email\" \/><\/span> <\/label>\n<\/p>\n<p><label> Assunto<br \/>\n<span class=\"wpcf7-form-control-wrap\" data-name=\"your-subject\"><input size=\"40\" maxlength=\"400\" class=\"wpcf7-form-control wpcf7-text wpcf7-validates-as-required\" aria-required=\"true\" aria-invalid=\"false\" value=\"\" type=\"text\" name=\"your-subject\" \/><\/span> <\/label>\n<\/p>\n<p><label> Mensagem<br \/>\n<span class=\"wpcf7-form-control-wrap\" data-name=\"your-message\"><textarea cols=\"40\" rows=\"10\" maxlength=\"2000\" class=\"wpcf7-form-control wpcf7-textarea wpcf7-validates-as-required\" aria-required=\"true\" aria-invalid=\"false\" name=\"your-message\"><\/textarea><\/span> <\/label>\n<\/p>\n<p><input class=\"wpcf7-form-control wpcf7-submit has-spinner\" type=\"submit\" value=\"Enviar\" \/>\n<\/p><div class=\"wpcf7-response-output\" aria-hidden=\"true\"><\/div>\n<\/form>\n<\/div>\n\n\n\n","protected":false},"excerpt":{"rendered":"","protected":false},"author":1,"featured_media":0,"parent":0,"menu_order":0,"comment_status":"closed","ping_status":"closed","template":"","meta":{"pagelayer_contact_templates":[],"_pagelayer_content":"","footnotes":""},"class_list":["post-21","page","type-page","status-publish","hentry"],"_links":{"self":[{"href":"https:\/\/renterymadeira.com\/index.php?rest_route=\/wp\/v2\/pages\/21","targetHints":{"allow":["GET"]}}],"collection":[{"href":"https:\/\/renterymadeira.com\/index.php?rest_route=\/wp\/v2\/pages"}],"about":[{"href":"https:\/\/renterymadeira.com\/index.php?rest_route=\/wp\/v2\/types\/page"}],"author":[{"embeddable":true,"href":"https:\/\/renterymadeira.com\/index.php?rest_route=\/wp\/v2\/users\/1"}],"replies":[{"embeddable":true,"href":"https:\/\/renterymadeira.com\/index.php?rest_route=%2Fwp%2Fv2%2Fcomments&post=21"}],"version-history":[{"count":29,"href":"https:\/\/renterymadeira.com\/index.php?rest_route=\/wp\/v2\/pages\/21\/revisions"}],"predecessor-version":[{"id":223,"href":"https:\/\/renterymadeira.com\/index.php?rest_route=\/wp\/v2\/pages\/21\/revisions\/223"}],"wp:attachment":[{"href":"https:\/\/renterymadeira.com\/index.php?rest_route=%2Fwp%2Fv2%2Fmedia&parent=21"}],"curies":[{"name":"wp","href":"https:\/\/api.w.org\/{rel}","templated":true}]}}